{"id":976,"date":"2017-01-19T14:03:07","date_gmt":"2017-01-19T13:03:07","guid":{"rendered":"http:\/\/werle.pro\/?page_id=976"},"modified":"2017-01-19T14:03:07","modified_gmt":"2017-01-19T13:03:07","slug":"pssi-resilience","status":"publish","type":"page","link":"https:\/\/werle.pro\/index.php\/pssi-resilience\/","title":{"rendered":"PSSI R\u00e9silience"},"content":{"rendered":"<p>(en cours de r\u00e9daction)<\/p>\n<h2>La r\u00e9silience<\/h2>\n<ul>\n<li style=\"padding-left: 30px;\">En physique<\/li>\n<\/ul>\n<p style=\"padding-left: 90px;\">https:\/\/fr.wikipedia.org\/wiki\/R\u00e9silience_(physique)<\/p>\n<ul>\n<li style=\"padding-left: 30px;\">En psychologie<\/li>\n<\/ul>\n<p style=\"padding-left: 90px;\"><em>R\u00e9silience &#8211; Connaissances de base par Boris Cyrulnik et G\u00e9rard Jorland chez Odile Jocab<\/em> (ISBN 978-2-7381-2818-8)<\/p>\n<ul>\n<li style=\"padding-left: 30px;\">En s\u00e9curit\u00e9 de l&rsquo;information<\/li>\n<\/ul>\n<p style=\"padding-left: 90px;\">Quelques pistes dans <em>La cybers\u00e9curit\u00e9 au-del\u00e0 de la technologie par Philippe Trouchaud pr\u00e9face de Jean-Baptiste Rudelle chez Odile Jacob <\/em>(ISBN 978-2-7381-3368-7)<\/p>\n<p style=\"padding-left: 90px;\">En lisse au FIC2017 pour le prix du livre : https:\/\/www.forum-fic.com\/site\/FR\/Prix__Challenges\/Prix_du_livre,C59984,I59995.htm<\/p>\n<h3>Textes et r\u00e9f\u00e9rences<\/h3>\n<h4>World Economique Forum<\/h4>\n<pre>CYBERSECURITE\r\n\r\nWorld Economic Forum\u00ae - Advancing Cyber Resilience: Principles and Tools \r\nfor Boards - 40 pages\r\n<a class=\"moz-txt-link-rfc2396E\" href=\"http:\/\/www3.weforum.org\/docs\/IP\/2017\/Adv_Cyber_Resilience_Principles-Tools.pdf\">&lt;http:\/\/www3.weforum.org\/docs\/IP\/2017\/Adv_Cyber_Resilience_Principles-Tools.pdf&gt;<\/a>\r\n\r\nPreface 3\r\n1. Introduction 4\r\n2. How to Use These Tools 6\r\n2.1 Board Governance and Cyber Resilience 6\r\n2.2 Using the Principles and Tools 7\r\n3. Cyber Resilience Principles and Tools for Boards 8\r\n3.1 Board Principles for Cyber Resilience 8\r\n3.2 Cyber Principle Toolkits 9\r\n3.3 Board Cyber Risk Framework 15\r\n3.4 Board Insights on Emerging Technology Risks 24\r\n4. The Future of Cyber Resilience 28\r\nAppendix 1: Cyber Resilience Tools at a Glance 29\r\nAppendix 2: Terms and Definitions 31\r\nAppendix 3: Principles and Toolkits in Practice 32\r\nAppendix 4: Future of Cyber Resilience \u2013 Risk Benchmarking for Boards 33\r\nAcknowledgements 34<\/pre>\n","protected":false},"excerpt":{"rendered":"<p>(en cours de r\u00e9daction) La r\u00e9silience En physique https:\/\/fr.wikipedia.org\/wiki\/R\u00e9silience_(physique) En psychologie R\u00e9silience &#8211; Connaissances de base par Boris Cyrulnik et G\u00e9rard Jorland chez Odile Jocab (ISBN 978-2-7381-2818-8) En s\u00e9curit\u00e9 de l&rsquo;information Quelques pistes dans La cybers\u00e9curit\u00e9 au-del\u00e0 de la technologie par Philippe Trouchaud pr\u00e9face de Jean-Baptiste Rudelle chez Odile Jacob (ISBN 978-2-7381-3368-7) En lisse au &#8230; <a title=\"PSSI R\u00e9silience\" class=\"read-more\" href=\"https:\/\/werle.pro\/index.php\/pssi-resilience\/\" aria-label=\"Read more about PSSI R\u00e9silience\">Lire la suite<\/a><\/p>\n","protected":false},"author":1,"featured_media":0,"parent":0,"menu_order":0,"comment_status":"closed","ping_status":"closed","template":"","meta":{"jetpack_post_was_ever_published":false,"footnotes":""},"jetpack_sharing_enabled":true,"jetpack_shortlink":"https:\/\/wp.me\/P7ALXt-fK","jetpack-related-posts":[],"_links":{"self":[{"href":"https:\/\/werle.pro\/index.php\/wp-json\/wp\/v2\/pages\/976"}],"collection":[{"href":"https:\/\/werle.pro\/index.php\/wp-json\/wp\/v2\/pages"}],"about":[{"href":"https:\/\/werle.pro\/index.php\/wp-json\/wp\/v2\/types\/page"}],"author":[{"embeddable":true,"href":"https:\/\/werle.pro\/index.php\/wp-json\/wp\/v2\/users\/1"}],"replies":[{"embeddable":true,"href":"https:\/\/werle.pro\/index.php\/wp-json\/wp\/v2\/comments?post=976"}],"version-history":[{"count":1,"href":"https:\/\/werle.pro\/index.php\/wp-json\/wp\/v2\/pages\/976\/revisions"}],"predecessor-version":[{"id":977,"href":"https:\/\/werle.pro\/index.php\/wp-json\/wp\/v2\/pages\/976\/revisions\/977"}],"wp:attachment":[{"href":"https:\/\/werle.pro\/index.php\/wp-json\/wp\/v2\/media?parent=976"}],"curies":[{"name":"wp","href":"https:\/\/api.w.org\/{rel}","templated":true}]}}