{"id":644,"date":"2016-04-08T23:16:39","date_gmt":"2016-04-08T22:16:39","guid":{"rendered":"http:\/\/werle.pro\/?page_id=644"},"modified":"2016-11-12T15:26:50","modified_gmt":"2016-11-12T14:26:50","slug":"publications","status":"publish","type":"page","link":"https:\/\/werle.pro\/index.php\/publications\/","title":{"rendered":"Publications"},"content":{"rendered":"<h3 style=\"text-align: justify;\">Publications scientifiques, techniques &amp; juridiques<\/h3>\n<h4><span style=\"text-decoration: underline;\">Analyse de risques et mise en place d&rsquo;une PSSI pour la salle blanche Centrale de Proximit\u00e9 en Nanotechnologie de Paris Nord CPN\u00b2 du CNRS<\/span><\/h4>\n<p style=\"padding-left: 30px;\">Depuis Novembre 2015<\/p>\n<p style=\"padding-left: 30px;\">Cartographie, urbanisation et analyse de flux des m\u00e9tiers de la salle blanche en processus m\u00e9tiers, instrumentation et informatique.<\/p>\n<p style=\"padding-left: 30px;\">Analyse de risques sur les biens essentiels et mesures de s\u00e9curit\u00e9 sur les biens supports.<\/p>\n<h4><span style=\"text-decoration: underline;\">Livre blanc &#8211; <a href=\"https:\/\/lipn.univ-paris13.fr\/~cerin\/Livre_blanc_data_hosting.pdf\">Approches contemporaines en h\u00e9bergement et gestion de donn\u00e9es<\/a><\/span> (derni\u00e8re version publi\u00e9e)<\/h4>\n<p style=\"text-align: justify; padding-left: 30px;\">Janvier 2016 &#8211; Octobre 2016<\/p>\n<h3 style=\"text-align: justify; padding-left: 30px;\"><img loading=\"lazy\" decoding=\"async\" class=\"wp-image-656 alignleft\" src=\"https:\/\/i0.wp.com\/werle.pro\/wp-content\/uploads\/2016\/04\/USPC-300x161.jpg?resize=147%2C79\" alt=\"USPC\" width=\"147\" height=\"79\" srcset=\"https:\/\/i0.wp.com\/werle.pro\/wp-content\/uploads\/2016\/04\/USPC.jpg?resize=300%2C161&amp;ssl=1 300w, https:\/\/i0.wp.com\/werle.pro\/wp-content\/uploads\/2016\/04\/USPC.jpg?w=411&amp;ssl=1 411w\" sizes=\"(max-width: 147px) 100vw, 147px\" data-recalc-dims=\"1\" \/><\/h3>\n<p style=\"text-align: justify; padding-left: 30px;\">Dans le cadre de l&rsquo;h\u00e9bergement et de la gestion des donn\u00e9es de recherche m\u00e9dicales sur le <a href=\"http:\/\/cirrus.uspc.fr\/\" target=\"_blank\">Cloud Cirrus de Sorbonne Paris Cit\u00e9<\/a>, le livre blanc se penche de mani\u00e8re didactique et p\u00e9dagogique sur les bonne pratiques et approches techniques, juridiques, r\u00e9glementaires et de s\u00e9curit\u00e9 &#8211; <em>(publi\u00e9 d\u00e9but Novembre 2016 dans sa premi\u00e8re version stabilis\u00e9e)<br \/>\n<\/em><\/p>\n<p style=\"text-align: justify; padding-left: 30px;\">L&rsquo;objectif est de proposer un cadre r\u00e9glementaire et de bonnes pratiques \u00e0 la gouvernance (<em>MOA<\/em>), l&rsquo;infrastructure technique (<em>MOE<\/em>) et la recherche m\u00e9dicale (<em>Usagers<\/em>) afin de structurer, consolider, factoriser et mutualiser l&rsquo;ensemble des outils et donn\u00e9es permettant ainsi d&rsquo;approfondir leurs usages scientifiques, informatiques et biom\u00e9dicales en conformit\u00e9 avec la l\u00e9gislation et les r\u00e9f\u00e9rentiels de l\u2019\u00c9tat (PSSIE, PGSSI-S, RGS, RGPD).<\/p>\n<p style=\"text-align: justify;\">\u00a0<img loading=\"lazy\" decoding=\"async\" class=\"alignright size-full wp-image-851\" src=\"https:\/\/i0.wp.com\/werle.pro\/wp-content\/uploads\/2016\/10\/cropped-Data_Center_Corridor.png?resize=1200%2C393\" alt=\"cropped-Data_Center_Corridor.png\" width=\"1200\" height=\"393\" srcset=\"https:\/\/i0.wp.com\/werle.pro\/wp-content\/uploads\/2016\/10\/cropped-Data_Center_Corridor.png?w=2550&amp;ssl=1 2550w, https:\/\/i0.wp.com\/werle.pro\/wp-content\/uploads\/2016\/10\/cropped-Data_Center_Corridor.png?resize=300%2C98&amp;ssl=1 300w, https:\/\/i0.wp.com\/werle.pro\/wp-content\/uploads\/2016\/10\/cropped-Data_Center_Corridor.png?resize=768%2C251&amp;ssl=1 768w, https:\/\/i0.wp.com\/werle.pro\/wp-content\/uploads\/2016\/10\/cropped-Data_Center_Corridor.png?resize=1024%2C335&amp;ssl=1 1024w, https:\/\/i0.wp.com\/werle.pro\/wp-content\/uploads\/2016\/10\/cropped-Data_Center_Corridor.png?w=2400&amp;ssl=1 2400w\" sizes=\"(max-width: 1200px) 100vw, 1200px\" data-recalc-dims=\"1\" \/><\/p>\n<p style=\"text-align: justify;\">\n","protected":false},"excerpt":{"rendered":"<p>Publications scientifiques, techniques &amp; juridiques Analyse de risques et mise en place d&rsquo;une PSSI pour la salle blanche Centrale de Proximit\u00e9 en Nanotechnologie de Paris Nord CPN\u00b2 du CNRS Depuis Novembre 2015 Cartographie, urbanisation et analyse de flux des m\u00e9tiers de la salle blanche en processus m\u00e9tiers, instrumentation et informatique. Analyse de risques sur les &#8230; <a title=\"Publications\" class=\"read-more\" href=\"https:\/\/werle.pro\/index.php\/publications\/\" aria-label=\"Read more about Publications\">Lire la suite<\/a><\/p>\n","protected":false},"author":1,"featured_media":0,"parent":0,"menu_order":0,"comment_status":"closed","ping_status":"closed","template":"","meta":{"jetpack_post_was_ever_published":false,"footnotes":""},"jetpack_sharing_enabled":true,"jetpack_shortlink":"https:\/\/wp.me\/P7ALXt-ao","jetpack-related-posts":[],"_links":{"self":[{"href":"https:\/\/werle.pro\/index.php\/wp-json\/wp\/v2\/pages\/644"}],"collection":[{"href":"https:\/\/werle.pro\/index.php\/wp-json\/wp\/v2\/pages"}],"about":[{"href":"https:\/\/werle.pro\/index.php\/wp-json\/wp\/v2\/types\/page"}],"author":[{"embeddable":true,"href":"https:\/\/werle.pro\/index.php\/wp-json\/wp\/v2\/users\/1"}],"replies":[{"embeddable":true,"href":"https:\/\/werle.pro\/index.php\/wp-json\/wp\/v2\/comments?post=644"}],"version-history":[{"count":23,"href":"https:\/\/werle.pro\/index.php\/wp-json\/wp\/v2\/pages\/644\/revisions"}],"predecessor-version":[{"id":865,"href":"https:\/\/werle.pro\/index.php\/wp-json\/wp\/v2\/pages\/644\/revisions\/865"}],"wp:attachment":[{"href":"https:\/\/werle.pro\/index.php\/wp-json\/wp\/v2\/media?parent=644"}],"curies":[{"name":"wp","href":"https:\/\/api.w.org\/{rel}","templated":true}]}}