{"id":61,"date":"2016-01-18T01:51:10","date_gmt":"2016-01-18T00:51:10","guid":{"rendered":"http:\/\/werle.pro\/?page_id=61"},"modified":"2017-11-09T13:07:39","modified_gmt":"2017-11-09T12:07:39","slug":"urbanisation","status":"publish","type":"page","link":"https:\/\/werle.pro\/index.php\/urbanisation\/","title":{"rendered":"Urbanisation"},"content":{"rendered":"<h3>Urbanisation du SI<\/h3>\n<p style=\"text-align: justify;\">Une organisation accumule au cours des ann\u00e9es des milliers de documents, dans des bases de donn\u00e9es \u00e9parses avec parfois des redondance. Plus globalement, il existe g\u00e9n\u00e9ralement des donn\u00e9es strat\u00e9giques \u00e9parpill\u00e9es dans le syst\u00e8me d&rsquo;information de l&rsquo;entreprise dont l&rsquo;ensemble du personnel ou de l&rsquo;\u00e9quipe dirigeante, ignore l&rsquo;existence.<\/p>\n<p style=\"text-align: justify;\">La d\u00e9marche d&rsquo;urbanisation du SI (Syst\u00e8me d&rsquo;Information) consiste dans un premier temps \u00e0 \u00e9tudier les diff\u00e9rents secteurs fonctionnels d&rsquo;une organisation afin d&rsquo;\u00eatre en mesure d&rsquo;en r\u00e9aliser une cartographie, puis d&rsquo;\u00e9tudier de la m\u00eame mani\u00e8re son syst\u00e8me d&rsquo;information. Le terme \u00ab urbanisation \u00bb est utilis\u00e9 par analogie avec les travaux d&rsquo;architecture et d&rsquo;urbanisme dans une ville en comparant une entreprise avec une ville et ses diff\u00e9rents quartiers, zones et blocs. Une telle d\u00e9marche commence par le recensement et la capitalisation de l&rsquo;ensemble des informations sur le syst\u00e8me d&rsquo;information de l&rsquo;entit\u00e9 (bases de donn\u00e9es, applications, services, etc.), en relation avec leur fonction, afin de les rationaliser et de permettre de valoriser le capital informationnel de l&rsquo;organisation. L&rsquo;objectif d&rsquo;une d\u00e9marche d&rsquo;urbanisation est donc d&rsquo;aboutir \u00e0 une structuration du syst\u00e8me d&rsquo;information permettant d&rsquo;en am\u00e9liorer ses performances et son \u00e9volutivit\u00e9, son efficience. Elle permet ainsi de donner les moyens \u00e0 l&rsquo;organisation de faire \u00e9voluer son syst\u00e8me d&rsquo;information en connaissance de cause.<\/p>\n<p>Wikip\u00e9dia : <a href=\"https:\/\/fr.wikipedia.org\/wiki\/Urbanisation_%28informatique%29\">L&rsquo;urbanisation du SI<\/a> &#8211;\u00a0 <a href=\"https:\/\/fr.wikipedia.org\/wiki\/M%C3%A9tamod%C3%A8le_d'urbanisme\" target=\"_blank\" rel=\"noopener noreferrer\">La m\u00e9ta-mod\u00e8lisation dans l&rsquo;urbanisation du SI<\/a><\/p>\n<h3>Urbanisation et cartographie du S.I. <em>(projet SPC)<\/em><\/h3>\n<p style=\"text-align: justify;\">Il est n\u00e9 de la n\u00e9cessit\u00e9 de mettre en coh\u00e9rence les SI des diff\u00e9rents \u00e9tablissements, de construire un SI d&rsquo;outils mutualis\u00e9s comme l&rsquo;offre de formation et de la volont\u00e9 de l&rsquo;Etat. Les contributeurs, au nombre d&rsquo;une quinzaine, \u00e9manent des Universit\u00e9s Paris 3, Paris 5, Paris 7, Paris 13 et de l&rsquo;Inalco. Ils ont pris comme base de r\u00e9flexion et de travail :<\/p>\n<p style=\"padding-left: 30px; text-align: justify;\"><a href=\"http:\/\/references.modernisation.gouv.fr\/urbanisation-du-systeme-dinformation-de-letat\" target=\"_blank\" rel=\"noopener noreferrer\">Le r\u00e9f\u00e9rentiel documentaire de l&rsquo;urbanisation du syst\u00e8me d&rsquo;information de l&rsquo;Etat<\/a><\/p>\n<p style=\"text-align: justify;\">Ils ont \u00e9galement \u00e9valu\u00e9 divers outils et fait le choix de Solu-QIQ pour sa souplesse de m\u00e9ta-mod\u00e9lisation essentiellement, de mod\u00e9lisation de fa\u00e7on g\u00e9n\u00e9rale, son agilit\u00e9 dans le rendu graphique et la g\u00e9n\u00e9ration des rapports permettant de fournir des outils adapt\u00e9s au pilotage et pour son ouverture \u00e0 l&rsquo;int\u00e9gration d&rsquo;outils standards de mod\u00e9lisation des processus (BPM).<\/p>\n<p style=\"text-align: justify;\">La cartographie du S.I. est un des livrables de la PSSI de l\u2019\u00c9tat. Animateur suppl\u00e9ant puis titulaire de ce projet et principal contributeur du SGT Donn\u00e9es, j&rsquo;ai mis l&rsquo;accent sur l&rsquo;int\u00e9gration des exigences r\u00e9glementaires afin d&rsquo;accompagner la \u00ab\u00a0privacy by design\u00a0\u00bb dans la cartographie des donn\u00e9es et des flux.<\/p>\n<ul>\n<li><a href=\"http:\/\/werle.pro\/wp-content\/Documents\/Urbanisation\/SGT%20Donn%c3%a9es%20R%c3%a9flexions%2020150513.png\" target=\"_blank\" rel=\"noopener noreferrer\">Cartographie<\/a> des donn\u00e9es sensibles et des textes<\/li>\n<li><a href=\"http:\/\/werle.pro\/wp-content\/Documents\/Urbanisation\/COMUE-ENT_Meta-Model_20160323.png\" target=\"_blank\" rel=\"noopener noreferrer\">M\u00e9ta-mod\u00e8le<\/a> de SoluQiQ et repr\u00e9sent\u00e9 avec <a href=\"http:\/\/werle.pro\/wp-content\/Documents\/Urbanisation\/m%c3%a9ta.mod%c3%a8le.GT.PLENIERE.v1.2.SG6.20150429.png\" target=\"_blank\" rel=\"noopener noreferrer\">Bizagi<\/a> \u00e9labor\u00e9 par le groupe projet Urbanisation<\/li>\n<li>M\u00e9ta-mod\u00e8le du cadre de r\u00e9f\u00e9rence d&rsquo;urbanisation (vues strat\u00e9gique, m\u00e9tier, fonctionnelle, applicative, d&rsquo;infrastructure)<\/li>\n<li><a href=\"http:\/\/werle.pro\/wp-content\/Documents\/Urbanisation\/Formation_SOLUQIQ.pdf\" target=\"_blank\" rel=\"noopener noreferrer\">Pr\u00e9sentation de Solu-QiQ par AB+Software<\/a><\/li>\n<li><a href=\"http:\/\/www.urbanisation-si.com\/on-remet-une-couche-sur-le-cadre-d-urbanisation-si\" target=\"_blank\" rel=\"noopener noreferrer\">Blog Urbanisation-SI<\/a> pour la veille m\u00e9thodologique<\/li>\n<\/ul>\n","protected":false},"excerpt":{"rendered":"<p>Urbanisation du SI Une organisation accumule au cours des ann\u00e9es des milliers de documents, dans des bases de donn\u00e9es \u00e9parses avec parfois des redondance. Plus globalement, il existe g\u00e9n\u00e9ralement des donn\u00e9es strat\u00e9giques \u00e9parpill\u00e9es dans le syst\u00e8me d&rsquo;information de l&rsquo;entreprise dont l&rsquo;ensemble du personnel ou de l&rsquo;\u00e9quipe dirigeante, ignore l&rsquo;existence. La d\u00e9marche d&rsquo;urbanisation du SI (Syst\u00e8me &#8230; <a title=\"Urbanisation\" class=\"read-more\" href=\"https:\/\/werle.pro\/index.php\/urbanisation\/\" aria-label=\"Read more about Urbanisation\">Lire la suite<\/a><\/p>\n","protected":false},"author":1,"featured_media":0,"parent":0,"menu_order":0,"comment_status":"closed","ping_status":"closed","template":"","meta":{"jetpack_post_was_ever_published":false,"footnotes":""},"jetpack_sharing_enabled":true,"jetpack_shortlink":"https:\/\/wp.me\/P7ALXt-Z","jetpack-related-posts":[],"_links":{"self":[{"href":"https:\/\/werle.pro\/index.php\/wp-json\/wp\/v2\/pages\/61"}],"collection":[{"href":"https:\/\/werle.pro\/index.php\/wp-json\/wp\/v2\/pages"}],"about":[{"href":"https:\/\/werle.pro\/index.php\/wp-json\/wp\/v2\/types\/page"}],"author":[{"embeddable":true,"href":"https:\/\/werle.pro\/index.php\/wp-json\/wp\/v2\/users\/1"}],"replies":[{"embeddable":true,"href":"https:\/\/werle.pro\/index.php\/wp-json\/wp\/v2\/comments?post=61"}],"version-history":[{"count":16,"href":"https:\/\/werle.pro\/index.php\/wp-json\/wp\/v2\/pages\/61\/revisions"}],"predecessor-version":[{"id":1348,"href":"https:\/\/werle.pro\/index.php\/wp-json\/wp\/v2\/pages\/61\/revisions\/1348"}],"wp:attachment":[{"href":"https:\/\/werle.pro\/index.php\/wp-json\/wp\/v2\/media?parent=61"}],"curies":[{"name":"wp","href":"https:\/\/api.w.org\/{rel}","templated":true}]}}