{"id":54,"date":"2016-01-18T01:07:30","date_gmt":"2016-01-18T00:07:30","guid":{"rendered":"http:\/\/werle.pro\/?page_id=54"},"modified":"2017-11-09T14:06:16","modified_gmt":"2017-11-09T13:06:16","slug":"gestion-des-identites","status":"publish","type":"page","link":"https:\/\/werle.pro\/index.php\/gestion-des-identites\/","title":{"rendered":"Gestion des Identit\u00e9s IAM"},"content":{"rendered":"<h3 style=\"text-align: justify;\">La gestion des identit\u00e9s au service du S.I. de CeVIF<\/h3>\n<h3 style=\"text-align: justify;\"><img loading=\"lazy\" decoding=\"async\" class=\"alignright size-full wp-image-715\" src=\"https:\/\/i0.wp.com\/werle.pro\/wp-content\/uploads\/2016\/01\/CeVIF.png?resize=158%2C122\" alt=\"CeVIF\" width=\"158\" height=\"122\" data-recalc-dims=\"1\" \/><\/h3>\n<p style=\"text-align: justify;\"><em>Consortium Inter-\u00e9tablissement cr\u00e9\u00e9 suite \u00e0 la publication du SDET, \u00e0 l&rsquo;<a href=\"http:\/\/2003.jres.org\/actes\/paper.84.pdf\">appel \u00e0 projets \u00ab\u00a0Campus Num\u00e9rique &#8211; volet II\u00a0\u00bb du Minist\u00e8re et pr\u00e9figurant la structure des UNRs<\/a>, CeVIF regroupait les universit\u00e9s de Evry, Orsay, Paris 6 et Paris 13 mettant en commun leurs forces pour construire une offre mutualis\u00e9e de services par une carte multi-services et un environnement num\u00e9rique de travail.\u00a0 Cette offre s&rsquo;est inscrite dans une strat\u00e9gie de syst\u00e8me global d&rsquo;information ayant pour objectif une offre de services li\u00e9s \u00e0 la p\u00e9dagogie, \u00e0 l&rsquo;accompagnement social et \u00e0 la mobilit\u00e9.<\/em><\/p>\n<p style=\"text-align: justify;\"><em>La <span style=\"color: #ff0000;\">Gestion des Identit\u00e9s<\/span>, des habilitations et du \u00ab\u00a0cycle de vie\u00a0\u00bb des usagers est la structure essentielle au centre des r\u00e9f\u00e9rentiels du SI permettant d&rsquo;assurer \u00e0 cette offre de services la coh\u00e9rence, la s\u00e9curit\u00e9 et la r\u00e9activit\u00e9 \u00e0 l&rsquo;environnement tout en garantissant la politique et les r\u00e8gles de fonctionnement de chacun des \u00e9tablissements du consortium.<\/em><\/p>\n<ul>\n<li><a href=\"http:\/\/werle.pro\/wp-content\/Documents\/CeVIF\/CEVIF_Thales_Specif_Annuaire.pdf\" target=\"_blank\" rel=\"noopener\">Dossier de sp\u00e9cifications techniques<\/a> avec Thal\u00e8s en AMOE<\/li>\n<li><a href=\"http:\/\/werle.pro\/wp-content\/Documents\/CeVIF\/CVIF%20Note%20Globale%20de%20Synth%c3%a8se%20et%20d'%c3%a9valuation%20des%20offres%20Annuaire.pdf\" target=\"_blank\" rel=\"noopener\">\u00c9valuation des offres de solution<\/a> de gestion des identit\u00e9s<\/li>\n<li><a href=\"http:\/\/werle.pro\/wp-content\/Documents\/CeVIF\/CVIF-EtudeArchitecture.pdf\" target=\"_blank\" rel=\"noopener\">\u00c9tude d&rsquo;architecture<\/a> avec CapGemini en AMOA<\/li>\n<\/ul>\n<ul>\n<li>Mes pr\u00e9sentations \u00e0 la gouvernance, aux m\u00e9tiers et aux DSI\n<ul>\n<li><a href=\"http:\/\/werle.pro\/wp-content\/Documents\/CeVIF\/CeVIF_Gestion_des_Identit%c3%a9s_DSI_UPMC.pdf\" target=\"_blank\" rel=\"noopener\">Pr\u00e9sentation du PoC<\/a><\/li>\n<li><a href=\"http:\/\/werle.pro\/wp-content\/Documents\/CeVIF\/CeVIF_NNIM2_Identity_Manager_2.pdf\" target=\"_blank\" rel=\"noopener\">Pr\u00e9sentation du fonctionnement du m\u00e9ta-annuaire<\/a><\/li>\n<li><a href=\"http:\/\/werle.pro\/wp-content\/Documents\/CeVIF\/CeVIF_Gestion_des_Identit%c3%a9s_UP13_Extrait.pdf\" target=\"_blank\" rel=\"noopener\">Pr\u00e9sentation des m\u00e9canismes de partitionnement et de r\u00e9plication<\/a><\/li>\n<li>Pr\u00e9sentation d&rsquo;une solution de migration en production\n<ul>\n<li><a href=\"http:\/\/werle.pro\/wp-content\/Documents\/CeVIF\/CeVIF_Migration_Identity_Manager.pdf\" target=\"_blank\" rel=\"noopener\">Solution m\u00e9ta-annuaire<\/a><\/li>\n<li><a href=\"http:\/\/werle.pro\/wp-content\/Documents\/CeVIF\/CeVIF_Migration_OpenLDAP_UP13.pdf\" target=\"_blank\" rel=\"noopener\">Solution en cohabitation avec l&rsquo;existant<\/a><\/li>\n<\/ul>\n<\/li>\n<\/ul>\n<\/li>\n<\/ul>\n<ul>\n<li><a href=\"http:\/\/werle.pro\/wp-content\/Documents\/CeVIF\/CLUSIF-Gestion-des-identites.pdf\" target=\"_blank\" rel=\"noopener\">Gestion d&rsquo;identit\u00e9, habilitations, f\u00e9d\u00e9ration, mod\u00e8le RBAC<\/a> &#8211;\u00a0 une \u00e9tude du Clusif<\/li>\n<\/ul>\n<p>&nbsp;<\/p>\n","protected":false},"excerpt":{"rendered":"<p>La gestion des identit\u00e9s au service du S.I. de CeVIF Consortium Inter-\u00e9tablissement cr\u00e9\u00e9 suite \u00e0 la publication du SDET, \u00e0 l&rsquo;appel \u00e0 projets \u00ab\u00a0Campus Num\u00e9rique &#8211; volet II\u00a0\u00bb du Minist\u00e8re et pr\u00e9figurant la structure des UNRs, CeVIF regroupait les universit\u00e9s de Evry, Orsay, Paris 6 et Paris 13 mettant en commun leurs forces pour construire &#8230; <a title=\"Gestion des Identit\u00e9s IAM\" class=\"read-more\" href=\"https:\/\/werle.pro\/index.php\/gestion-des-identites\/\" aria-label=\"Read more about Gestion des Identit\u00e9s IAM\">Lire la suite<\/a><\/p>\n","protected":false},"author":1,"featured_media":0,"parent":0,"menu_order":0,"comment_status":"closed","ping_status":"closed","template":"","meta":{"jetpack_post_was_ever_published":false,"footnotes":""},"jetpack_sharing_enabled":true,"jetpack_shortlink":"https:\/\/wp.me\/P7ALXt-S","jetpack-related-posts":[],"_links":{"self":[{"href":"https:\/\/werle.pro\/index.php\/wp-json\/wp\/v2\/pages\/54"}],"collection":[{"href":"https:\/\/werle.pro\/index.php\/wp-json\/wp\/v2\/pages"}],"about":[{"href":"https:\/\/werle.pro\/index.php\/wp-json\/wp\/v2\/types\/page"}],"author":[{"embeddable":true,"href":"https:\/\/werle.pro\/index.php\/wp-json\/wp\/v2\/users\/1"}],"replies":[{"embeddable":true,"href":"https:\/\/werle.pro\/index.php\/wp-json\/wp\/v2\/comments?post=54"}],"version-history":[{"count":17,"href":"https:\/\/werle.pro\/index.php\/wp-json\/wp\/v2\/pages\/54\/revisions"}],"predecessor-version":[{"id":1355,"href":"https:\/\/werle.pro\/index.php\/wp-json\/wp\/v2\/pages\/54\/revisions\/1355"}],"wp:attachment":[{"href":"https:\/\/werle.pro\/index.php\/wp-json\/wp\/v2\/media?parent=54"}],"curies":[{"name":"wp","href":"https:\/\/api.w.org\/{rel}","templated":true}]}}