{"id":48,"date":"2016-01-17T21:39:13","date_gmt":"2016-01-17T20:39:13","guid":{"rendered":"http:\/\/werle.pro\/?page_id=48"},"modified":"2016-10-15T16:26:56","modified_gmt":"2016-10-15T15:26:56","slug":"univcloud","status":"publish","type":"page","link":"https:\/\/werle.pro\/index.php\/univcloud\/","title":{"rendered":"UnivCloud"},"content":{"rendered":"<h3 class=\"entry-title\">UnivCloud \u2013 GT Confiance Num\u00e9rique<\/h3>\n<p>&nbsp;<\/p>\n<ul>\n<li><strong><a href=\"http:\/\/werle.pro\/index.php\/univcloud-le-projet\/\" target=\"_blank\">Le projet UnivCloud<\/a>, le cloud priv\u00e9 mutualis\u00e9 communautaire de l&rsquo;UNR Paris Ile de France<\/strong><\/li>\n<li><strong><a href=\"http:\/\/werle.pro\/index.php\/univcloud-gt-confiance-numerique\/\" target=\"_blank\">Les diff\u00e9rents travaux du GT3 Confiance Num\u00e9rique<\/a> (Security, Identity, Privacy)<br \/>\n<\/strong><\/li>\n<li><a href=\"http:\/\/werle.pro\/index.php\/cloud-reflexions-post-projet\/\" target=\"_blank\">Cloud &#8211; R\u00e9flexions post projet<\/a><\/li>\n<\/ul>\n","protected":false},"excerpt":{"rendered":"<p>UnivCloud \u2013 GT Confiance Num\u00e9rique &nbsp; Le projet UnivCloud, le cloud priv\u00e9 mutualis\u00e9 communautaire de l&rsquo;UNR Paris Ile de France Les diff\u00e9rents travaux du GT3 Confiance Num\u00e9rique (Security, Identity, Privacy) Cloud &#8211; R\u00e9flexions post projet<\/p>\n","protected":false},"author":1,"featured_media":0,"parent":0,"menu_order":0,"comment_status":"closed","ping_status":"closed","template":"","meta":{"jetpack_post_was_ever_published":false,"footnotes":""},"jetpack_sharing_enabled":true,"jetpack_shortlink":"https:\/\/wp.me\/P7ALXt-M","jetpack-related-posts":[],"_links":{"self":[{"href":"https:\/\/werle.pro\/index.php\/wp-json\/wp\/v2\/pages\/48"}],"collection":[{"href":"https:\/\/werle.pro\/index.php\/wp-json\/wp\/v2\/pages"}],"about":[{"href":"https:\/\/werle.pro\/index.php\/wp-json\/wp\/v2\/types\/page"}],"author":[{"embeddable":true,"href":"https:\/\/werle.pro\/index.php\/wp-json\/wp\/v2\/users\/1"}],"replies":[{"embeddable":true,"href":"https:\/\/werle.pro\/index.php\/wp-json\/wp\/v2\/comments?post=48"}],"version-history":[{"count":35,"href":"https:\/\/werle.pro\/index.php\/wp-json\/wp\/v2\/pages\/48\/revisions"}],"predecessor-version":[{"id":462,"href":"https:\/\/werle.pro\/index.php\/wp-json\/wp\/v2\/pages\/48\/revisions\/462"}],"wp:attachment":[{"href":"https:\/\/werle.pro\/index.php\/wp-json\/wp\/v2\/media?parent=48"}],"curies":[{"name":"wp","href":"https:\/\/api.w.org\/{rel}","templated":true}]}}