{"id":448,"date":"2016-03-26T01:33:50","date_gmt":"2016-03-26T00:33:50","guid":{"rendered":"http:\/\/werle.pro\/?page_id=448"},"modified":"2016-10-15T16:27:13","modified_gmt":"2016-10-15T15:27:13","slug":"univcloud-le-projet","status":"publish","type":"page","link":"https:\/\/werle.pro\/index.php\/univcloud-le-projet\/","title":{"rendered":"UnivCloud &#8211; Le projet"},"content":{"rendered":"<h4><strong>Le contexte du Cloud<br \/>\n<\/strong><\/h4>\n<ul>\n<li><a href=\"http:\/\/werle.pro\/wp-content\/Documents\/UnivCloud\/Europe_Net-CloudFuture.pdf\" target=\"_blank\">Europe Net-Cloud Future<\/a><\/li>\n<li><a href=\"http:\/\/werle.pro\/wp-content\/Documents\/UnivCloud\/UnivCloud%20-%20Communication%20du%20Gouvernement.pdf\" target=\"_blank\">La communication du gouvernement<\/a> &#8211; 5 projets de <em>cloud computing<\/em><\/li>\n<\/ul>\n<h4><strong>Le projet UnivCloud, le cloud priv\u00e9 mutualis\u00e9 communautaire de l&rsquo;UNR Paris Ile de France<\/strong><\/h4>\n<ul>\n<li><a href=\"http:\/\/werle.pro\/wp-content\/Documents\/UnivCloud\/Europe_Net-CloudFuture.pdf\" target=\"_blank\">Le projet UnivCloud<\/a><\/li>\n<li><a href=\"http:\/\/werle.pro\/wp-content\/Documents\/UnivCloud\/TAM%20Place\/UnivCloud%20-%20Annexe%20Technique%20V2.3.pdf\" target=\"_blank\">Annexe technique du projet<\/a><\/li>\n<li><a href=\"http:\/\/werle.pro\/wp-content\/Documents\/UnivCloud\/Sch%c3%a9ma%20de%20gouvernance%20du%20projet%20UnivCloud.pdf\" target=\"_blank\">Le sch\u00e9ma de gouvernance du projet<\/a><\/li>\n<li><a href=\"http:\/\/werle.pro\/wp-content\/Documents\/UnivCloud\/UnivCloud_Modele_Economique_CPU_T.B%c3%a9douin.pdf\" target=\"_blank\">Le mod\u00e8le \u00e9conomique<\/a><\/li>\n<\/ul>\n<h4>\u00c9tudes de constructeurs<\/h4>\n<ul>\n<li><a href=\"http:\/\/werle.pro\/wp-content\/Documents\/UnivCloud\/EMC%20Etudes\/us-federal-gov-ittw-case-study-slide.pdf\" target=\"_blank\">EMC &#8211; \u00c9tudes de cas gouvernementaux<\/a><\/li>\n<li><a href=\"http:\/\/werle.pro\/wp-content\/Documents\/UnivCloud\/EMC%20Etudes\/public-sector-industry-benchmark.pdf\" target=\"_blank\">EMC &#8211; Benchmark<\/a><\/li>\n<\/ul>\n","protected":false},"excerpt":{"rendered":"<p>Le contexte du Cloud Europe Net-Cloud Future La communication du gouvernement &#8211; 5 projets de cloud computing Le projet UnivCloud, le cloud priv\u00e9 mutualis\u00e9 communautaire de l&rsquo;UNR Paris Ile de France Le projet UnivCloud Annexe technique du projet Le sch\u00e9ma de gouvernance du projet Le mod\u00e8le \u00e9conomique \u00c9tudes de constructeurs EMC &#8211; \u00c9tudes de cas &#8230; <a title=\"UnivCloud &#8211; Le projet\" class=\"read-more\" href=\"https:\/\/werle.pro\/index.php\/univcloud-le-projet\/\" aria-label=\"Read more about UnivCloud &#8211; Le projet\">Lire la suite<\/a><\/p>\n","protected":false},"author":1,"featured_media":0,"parent":0,"menu_order":0,"comment_status":"closed","ping_status":"closed","template":"","meta":{"jetpack_post_was_ever_published":false,"footnotes":""},"jetpack_sharing_enabled":true,"jetpack_shortlink":"https:\/\/wp.me\/P7ALXt-7e","jetpack-related-posts":[],"_links":{"self":[{"href":"https:\/\/werle.pro\/index.php\/wp-json\/wp\/v2\/pages\/448"}],"collection":[{"href":"https:\/\/werle.pro\/index.php\/wp-json\/wp\/v2\/pages"}],"about":[{"href":"https:\/\/werle.pro\/index.php\/wp-json\/wp\/v2\/types\/page"}],"author":[{"embeddable":true,"href":"https:\/\/werle.pro\/index.php\/wp-json\/wp\/v2\/users\/1"}],"replies":[{"embeddable":true,"href":"https:\/\/werle.pro\/index.php\/wp-json\/wp\/v2\/comments?post=448"}],"version-history":[{"count":4,"href":"https:\/\/werle.pro\/index.php\/wp-json\/wp\/v2\/pages\/448\/revisions"}],"predecessor-version":[{"id":620,"href":"https:\/\/werle.pro\/index.php\/wp-json\/wp\/v2\/pages\/448\/revisions\/620"}],"wp:attachment":[{"href":"https:\/\/werle.pro\/index.php\/wp-json\/wp\/v2\/media?parent=448"}],"curies":[{"name":"wp","href":"https:\/\/api.w.org\/{rel}","templated":true}]}}