{"id":42,"date":"2016-01-17T21:30:04","date_gmt":"2016-01-17T20:30:04","guid":{"rendered":"http:\/\/werle.pro\/?page_id=42"},"modified":"2016-10-15T16:24:22","modified_gmt":"2016-10-15T15:24:22","slug":"politique-de-securite-du-s-i-2","status":"publish","type":"page","link":"https:\/\/werle.pro\/index.php\/politique-de-securite-du-s-i-2\/","title":{"rendered":"Politique de S\u00e9curit\u00e9"},"content":{"rendered":"<ul>\n<li><a href=\"http:\/\/werle.pro\/index.php\/pssi-gouvernance\/\">Sensibiliser la gouvernance<\/a><\/li>\n<li><a href=\"http:\/\/werle.pro\/index.php\/pssi-pilotage\/\">Pilotage de la s\u00e9curit\u00e9 du syst\u00e8me d&rsquo;information<\/a><a href=\"http:\/\/werle.pro\/index.php\/pssi-pilotage\/\"><img loading=\"lazy\" decoding=\"async\" class=\"size-full wp-image-403 alignright\" src=\"https:\/\/i0.wp.com\/werle.pro\/wp-content\/uploads\/2016\/03\/ANSSI_1.png?resize=280%2C280\" alt=\"ANSSI_1\" width=\"280\" height=\"280\" srcset=\"https:\/\/i0.wp.com\/werle.pro\/wp-content\/uploads\/2016\/03\/ANSSI_1.png?w=280&amp;ssl=1 280w, https:\/\/i0.wp.com\/werle.pro\/wp-content\/uploads\/2016\/03\/ANSSI_1.png?resize=150%2C150&amp;ssl=1 150w\" sizes=\"(max-width: 280px) 100vw, 280px\" data-recalc-dims=\"1\" \/><\/a><\/li>\n<li><a href=\"http:\/\/werle.pro\/index.php\/pssi-evenements\/\">Associations &amp; \u00e9v\u00e8nements de la SSI<\/a><\/li>\n<li><a href=\"http:\/\/werle.pro\/index.php\/pssi-architecture\/\" target=\"_blank\">Architecture de confinement des attaques et TBSSI<\/a><\/li>\n<li><a href=\"http:\/\/werle.pro\/index.php\/pssi-security-as-a-service\/\">\u00c9valuation \u00e0 la conformit\u00e9 (Security as a Service)<\/a><\/li>\n<li><a href=\"http:\/\/werle.pro\/index.php\/pssi-itrf\/\">Sensibilisation et formation des ITRF et des enseignants du domaine<\/a><\/li>\n<li><a href=\"http:\/\/werle.pro\/index.php\/pssi-pilotage\/\">Sensibilisation de l&rsquo;usager<\/a><\/li>\n<li><a href=\"http:\/\/werle.pro\/index.php\/pssi-conferences\/\">Conf\u00e9rences de sensibilisation<\/a><\/li>\n<li><a href=\"http:\/\/werle.pro\/index.php\/pssi-avis-incidents-et-attaques\/\">Suivi des avis, incidents et attaques<\/a><strong><br \/>\n<\/strong><\/li>\n<li><a href=\"http:\/\/werle.pro\/index.php\/iso-27000\/\" target=\"_blank\">Iso 27000 &#8211; veille<\/a><\/li>\n<\/ul>\n","protected":false},"excerpt":{"rendered":"<p>Sensibiliser la gouvernance Pilotage de la s\u00e9curit\u00e9 du syst\u00e8me d&rsquo;information Associations &amp; \u00e9v\u00e8nements de la SSI Architecture de confinement des attaques et TBSSI \u00c9valuation \u00e0 la conformit\u00e9 (Security as a Service) Sensibilisation et formation des ITRF et des enseignants du domaine Sensibilisation de l&rsquo;usager Conf\u00e9rences de sensibilisation Suivi des avis, incidents et attaques Iso 27000 &#8230; <a title=\"Politique de S\u00e9curit\u00e9\" class=\"read-more\" href=\"https:\/\/werle.pro\/index.php\/politique-de-securite-du-s-i-2\/\" aria-label=\"Read more about Politique de S\u00e9curit\u00e9\">Lire la suite<\/a><\/p>\n","protected":false},"author":1,"featured_media":0,"parent":0,"menu_order":0,"comment_status":"closed","ping_status":"closed","template":"","meta":{"jetpack_post_was_ever_published":false,"footnotes":""},"jetpack_sharing_enabled":true,"jetpack_shortlink":"https:\/\/wp.me\/P7ALXt-G","jetpack-related-posts":[],"_links":{"self":[{"href":"https:\/\/werle.pro\/index.php\/wp-json\/wp\/v2\/pages\/42"}],"collection":[{"href":"https:\/\/werle.pro\/index.php\/wp-json\/wp\/v2\/pages"}],"about":[{"href":"https:\/\/werle.pro\/index.php\/wp-json\/wp\/v2\/types\/page"}],"author":[{"embeddable":true,"href":"https:\/\/werle.pro\/index.php\/wp-json\/wp\/v2\/users\/1"}],"replies":[{"embeddable":true,"href":"https:\/\/werle.pro\/index.php\/wp-json\/wp\/v2\/comments?post=42"}],"version-history":[{"count":63,"href":"https:\/\/werle.pro\/index.php\/wp-json\/wp\/v2\/pages\/42\/revisions"}],"predecessor-version":[{"id":577,"href":"https:\/\/werle.pro\/index.php\/wp-json\/wp\/v2\/pages\/42\/revisions\/577"}],"wp:attachment":[{"href":"https:\/\/werle.pro\/index.php\/wp-json\/wp\/v2\/media?parent=42"}],"curies":[{"name":"wp","href":"https:\/\/api.w.org\/{rel}","templated":true}]}}