{"id":274,"date":"2016-03-04T19:37:38","date_gmt":"2016-03-04T18:37:38","guid":{"rendered":"http:\/\/werle.pro\/?page_id=274"},"modified":"2016-10-15T16:22:11","modified_gmt":"2016-10-15T15:22:11","slug":"pssi-conferences","status":"publish","type":"page","link":"https:\/\/werle.pro\/index.php\/pssi-conferences\/","title":{"rendered":"PSSI Conf\u00e9rences"},"content":{"rendered":"<p><strong>Conf\u00e9rences de sensibilisation (DGSI)<br \/>\n<\/strong><\/p>\n<ul>\n<li>S\u00e9curit\u00e9 des donn\u00e9es de recherche suite \u00e0 la mise en place des Zones \u00e0 R\u00e9gime Restreint dans les laboratoires UMR sensibles<\/li>\n<li>S\u00e9curit\u00e9 des donn\u00e9es de l&rsquo;administration centrale de l&rsquo;universit\u00e9 suite \u00e0 des incidents post-attentat<\/li>\n<\/ul>\n","protected":false},"excerpt":{"rendered":"<p>Conf\u00e9rences de sensibilisation (DGSI) S\u00e9curit\u00e9 des donn\u00e9es de recherche suite \u00e0 la mise en place des Zones \u00e0 R\u00e9gime Restreint dans les laboratoires UMR sensibles S\u00e9curit\u00e9 des donn\u00e9es de l&rsquo;administration centrale de l&rsquo;universit\u00e9 suite \u00e0 des incidents post-attentat<\/p>\n","protected":false},"author":1,"featured_media":0,"parent":0,"menu_order":0,"comment_status":"closed","ping_status":"closed","template":"","meta":{"jetpack_post_was_ever_published":false,"footnotes":""},"jetpack_sharing_enabled":true,"jetpack_shortlink":"https:\/\/wp.me\/P7ALXt-4q","jetpack-related-posts":[],"_links":{"self":[{"href":"https:\/\/werle.pro\/index.php\/wp-json\/wp\/v2\/pages\/274"}],"collection":[{"href":"https:\/\/werle.pro\/index.php\/wp-json\/wp\/v2\/pages"}],"about":[{"href":"https:\/\/werle.pro\/index.php\/wp-json\/wp\/v2\/types\/page"}],"author":[{"embeddable":true,"href":"https:\/\/werle.pro\/index.php\/wp-json\/wp\/v2\/users\/1"}],"replies":[{"embeddable":true,"href":"https:\/\/werle.pro\/index.php\/wp-json\/wp\/v2\/comments?post=274"}],"version-history":[{"count":2,"href":"https:\/\/werle.pro\/index.php\/wp-json\/wp\/v2\/pages\/274\/revisions"}],"predecessor-version":[{"id":289,"href":"https:\/\/werle.pro\/index.php\/wp-json\/wp\/v2\/pages\/274\/revisions\/289"}],"wp:attachment":[{"href":"https:\/\/werle.pro\/index.php\/wp-json\/wp\/v2\/media?parent=274"}],"curies":[{"name":"wp","href":"https:\/\/api.w.org\/{rel}","templated":true}]}}