{"id":262,"date":"2016-03-04T19:34:39","date_gmt":"2016-03-04T18:34:39","guid":{"rendered":"http:\/\/werle.pro\/?page_id=262"},"modified":"2016-10-15T16:30:02","modified_gmt":"2016-10-15T15:30:02","slug":"pssi-evenements","status":"publish","type":"page","link":"https:\/\/werle.pro\/index.php\/pssi-evenements\/","title":{"rendered":"PSSI Ev\u00e9nements"},"content":{"rendered":"<p><strong>Associations &amp; \u00e9v\u00e8nements de la SSI<\/strong><\/p>\n<ul>\n<li><a href=\"https:\/\/www.lecercle.biz\/\" target=\"_blank\">Le Cercle europ\u00e9en de la s\u00e9curit\u00e9 et des syst\u00e8mes d&rsquo;information<\/a><\/li>\n<li><a href=\"https:\/\/www.forum-fic.com\/\" target=\"_blank\">Forum International de la Cybers\u00e9curit\u00e9<\/a><\/li>\n<li><a href=\"https:\/\/www.lesassisesdelasecurite.com\/\" target=\"_blank\">Les Assises de la s\u00e9curit\u00e9 et des syst\u00e8mes d&rsquo;information<\/a><\/li>\n<li><a href=\"http:\/\/www.club-ebios.org\" target=\"_blank\">Le Club EBIOS<\/a><\/li>\n<li><a href=\"http:\/\/www.clusif.asso.fr\/\" target=\"_blank\">Le CLUSIF<\/a><\/li>\n<li><a href=\"http:\/\/www.hsc.fr\/\" target=\"_blank\">Herv\u00e9 Schauer Consultants &#8211; Club-27001<\/a><\/li>\n<\/ul>\n","protected":false},"excerpt":{"rendered":"<p>Associations &amp; \u00e9v\u00e8nements de la SSI Le Cercle europ\u00e9en de la s\u00e9curit\u00e9 et des syst\u00e8mes d&rsquo;information Forum International de la Cybers\u00e9curit\u00e9 Les Assises de la s\u00e9curit\u00e9 et des syst\u00e8mes d&rsquo;information Le Club EBIOS Le CLUSIF Herv\u00e9 Schauer Consultants &#8211; Club-27001<\/p>\n","protected":false},"author":1,"featured_media":0,"parent":0,"menu_order":0,"comment_status":"closed","ping_status":"closed","template":"","meta":{"jetpack_post_was_ever_published":false,"footnotes":""},"jetpack_sharing_enabled":true,"jetpack_shortlink":"https:\/\/wp.me\/P7ALXt-4e","jetpack-related-posts":[],"_links":{"self":[{"href":"https:\/\/werle.pro\/index.php\/wp-json\/wp\/v2\/pages\/262"}],"collection":[{"href":"https:\/\/werle.pro\/index.php\/wp-json\/wp\/v2\/pages"}],"about":[{"href":"https:\/\/werle.pro\/index.php\/wp-json\/wp\/v2\/types\/page"}],"author":[{"embeddable":true,"href":"https:\/\/werle.pro\/index.php\/wp-json\/wp\/v2\/users\/1"}],"replies":[{"embeddable":true,"href":"https:\/\/werle.pro\/index.php\/wp-json\/wp\/v2\/comments?post=262"}],"version-history":[{"count":2,"href":"https:\/\/werle.pro\/index.php\/wp-json\/wp\/v2\/pages\/262\/revisions"}],"predecessor-version":[{"id":286,"href":"https:\/\/werle.pro\/index.php\/wp-json\/wp\/v2\/pages\/262\/revisions\/286"}],"wp:attachment":[{"href":"https:\/\/werle.pro\/index.php\/wp-json\/wp\/v2\/media?parent=262"}],"curies":[{"name":"wp","href":"https:\/\/api.w.org\/{rel}","templated":true}]}}