{"id":199,"date":"2016-02-09T15:47:47","date_gmt":"2016-02-09T14:47:47","guid":{"rendered":"http:\/\/werle.pro\/?page_id=199"},"modified":"2018-02-10T10:19:52","modified_gmt":"2018-02-10T09:19:52","slug":"associations","status":"publish","type":"page","link":"https:\/\/werle.pro\/index.php\/associations\/","title":{"rendered":"Associations"},"content":{"rendered":"<h3>Les associations professionnelles<\/h3>\n<ul>\n<li><a href=\"http:\/\/werle.pro\/index.php\/cri-iut\/\">CRI-IUT<\/a> &#8211; Les Ing\u00e9nieurs et Techniciens de Recherche et de Formation dans les IUTs<\/li>\n<li><a href=\"http:\/\/werle.pro\/index.php\/cuba\/\">Coop\u00e9ration internationale<\/a> des Ing\u00e9nieurs et Techniciens de Recherche et de Formation<\/li>\n<li><a href=\"http:\/\/werle.pro\/index.php\/cyberedu\/\">CyberEdu<\/a> &#8211; La s\u00e9curit\u00e9 du num\u00e9rique dans la formation universitaire dans l&rsquo;Enseignement Sup\u00e9rieur et professionnelle des Grandes \u00c9coles<\/li>\n<li><a href=\"https:\/\/groupes.renater.fr\/wiki\/supcil\/index\">SupCIL<\/a> &#8211; Les Correspondants Informatique et Libert\u00e9s de l&rsquo;Enseignement Sup\u00e9rieur et des Grandes \u00c9coles<\/li>\n<\/ul>\n<p style=\"padding-left: 30px;\">\n","protected":false},"excerpt":{"rendered":"<p>Les associations professionnelles CRI-IUT &#8211; Les Ing\u00e9nieurs et Techniciens de Recherche et de Formation dans les IUTs Coop\u00e9ration internationale des Ing\u00e9nieurs et Techniciens de Recherche et de Formation CyberEdu &#8211; La s\u00e9curit\u00e9 du num\u00e9rique dans la formation universitaire dans l&rsquo;Enseignement Sup\u00e9rieur et professionnelle des Grandes \u00c9coles SupCIL &#8211; Les Correspondants Informatique et Libert\u00e9s de l&rsquo;Enseignement &#8230; <a title=\"Associations\" class=\"read-more\" href=\"https:\/\/werle.pro\/index.php\/associations\/\" aria-label=\"Read more about Associations\">Lire la suite<\/a><\/p>\n","protected":false},"author":1,"featured_media":0,"parent":0,"menu_order":0,"comment_status":"closed","ping_status":"closed","template":"","meta":{"jetpack_post_was_ever_published":false,"footnotes":""},"jetpack_sharing_enabled":true,"jetpack_shortlink":"https:\/\/wp.me\/P7ALXt-3d","jetpack-related-posts":[],"_links":{"self":[{"href":"https:\/\/werle.pro\/index.php\/wp-json\/wp\/v2\/pages\/199"}],"collection":[{"href":"https:\/\/werle.pro\/index.php\/wp-json\/wp\/v2\/pages"}],"about":[{"href":"https:\/\/werle.pro\/index.php\/wp-json\/wp\/v2\/types\/page"}],"author":[{"embeddable":true,"href":"https:\/\/werle.pro\/index.php\/wp-json\/wp\/v2\/users\/1"}],"replies":[{"embeddable":true,"href":"https:\/\/werle.pro\/index.php\/wp-json\/wp\/v2\/comments?post=199"}],"version-history":[{"count":15,"href":"https:\/\/werle.pro\/index.php\/wp-json\/wp\/v2\/pages\/199\/revisions"}],"predecessor-version":[{"id":1577,"href":"https:\/\/werle.pro\/index.php\/wp-json\/wp\/v2\/pages\/199\/revisions\/1577"}],"wp:attachment":[{"href":"https:\/\/werle.pro\/index.php\/wp-json\/wp\/v2\/media?parent=199"}],"curies":[{"name":"wp","href":"https:\/\/api.w.org\/{rel}","templated":true}]}}