{"id":196,"date":"2016-02-09T15:45:06","date_gmt":"2016-02-09T14:45:06","guid":{"rendered":"http:\/\/werle.pro\/?page_id=196"},"modified":"2018-02-10T10:34:27","modified_gmt":"2018-02-10T09:34:27","slug":"cri-iut","status":"publish","type":"page","link":"https:\/\/werle.pro\/index.php\/cri-iut\/","title":{"rendered":"CRI-IUT"},"content":{"rendered":"<h3><strong>L&rsquo;association CRI-IUT<\/strong> &#8211; Active dans l&rsquo;informatique d\u00e9di\u00e9 \u00e0 l&rsquo;enseignement et la p\u00e9dagogie<\/h3>\n<p style=\"text-align: justify; padding-left: 30px;\"><em>Fond\u00e9e en 1998, l&rsquo;association CRI-IUT est tr\u00e8s riche par le partage des exp\u00e9riences de ses membres, en d\u00e9ploiement et d\u00e9veloppement de solutions de toute nature dans un parc informatique d\u00e9di\u00e9 \u00e0 l&rsquo;enseignement et la p\u00e9dagogie.<\/em><\/p>\n<p style=\"text-align: justify; padding-left: 30px;\"><em>C&rsquo;est la particularit\u00e9 premi\u00e8re et unique de l&rsquo;association CRI-IUT. On y pr\u00e9sente aussi bien des outils de virtualisation, de gestion des identit\u00e9s, de gestion de parc ou de r\u00e9seau, que des solutions de chariot mobile d&rsquo;ordinateurs portables d\u00e9di\u00e9es \u00e0 la p\u00e9dagogie, des logiciels de simulation d\u00e9di\u00e9 \u00e0 l&rsquo;enseignement r\u00e9seau (MarioNet), des outils de gestion de scolarit\u00e9 (PostBac, CIEL2, ScoDoc, &#8230;), des outils facilitant la vie quotidienne des \u00e9tudiants (emplois du temps et communication sur \u00e9cran d&rsquo;affichage) ou des solutions de calculs\/stockage\/redondance \u00ab\u00a0pour le pauvre\u00a0\u00bb toujours avec le soucis premier de la simplicit\u00e9 de mise en \u0153uvre avec un budget et des moyens humains malheureusement de plus en plus modestes.<\/em><\/p>\n<p style=\"text-align: justify; padding-left: 30px;\"><em>A cette merveilleuse association, nous avons eu le plaisir d&rsquo;apporter nos talents dans l&rsquo;organisation, la structuration et la communication en r\u00e9formant le pilotage de l&rsquo;association, de ses journ\u00e9es, le fonctionnement de son site Web. Jacques, Jean-Marc et moi-m\u00eame avons fait progresser la qualit\u00e9 de l&rsquo;organisation pour atteindre celle de structures beaucoup plus imposantes mais avec des moyens infiniment plus modestes et sans sponsor.<\/em><\/p>\n<p style=\"text-align: justify; padding-left: 30px;\"><em>En 2008, nous avons pass\u00e9 le flambeau en accompagnant la cr\u00e9ation des statuts de l&rsquo;association de type loi 1901 et l&rsquo;organisation d&rsquo;\u00e9lections.<\/em><\/p>\n<ul>\n<li><a href=\"http:\/\/criiut.fr\/presentation\" target=\"_blank\" rel=\"noopener\">Pr\u00e9sentation de l&rsquo;association sur son site web.<\/a><\/li>\n<li><a href=\"http:\/\/criiut.fr\/presentation\/archives\" target=\"_blank\" rel=\"noopener\">Archives depuis 1998 des pr\u00e9sentations<\/a><\/li>\n<li><a href=\"http:\/\/werle.pro\/index.php\/cuba\/\">Coop\u00e9ration internationale<\/a> &#8211; donation d&rsquo;une tonne de mat\u00e9riel et ing\u00e9nierie \u00e0 l&rsquo;Alliance Fran\u00e7aise \u00e0 la Havane \u00e0 Cuba<\/li>\n<\/ul>\n","protected":false},"excerpt":{"rendered":"<p>L&rsquo;association CRI-IUT &#8211; Active dans l&rsquo;informatique d\u00e9di\u00e9 \u00e0 l&rsquo;enseignement et la p\u00e9dagogie Fond\u00e9e en 1998, l&rsquo;association CRI-IUT est tr\u00e8s riche par le partage des exp\u00e9riences de ses membres, en d\u00e9ploiement et d\u00e9veloppement de solutions de toute nature dans un parc informatique d\u00e9di\u00e9 \u00e0 l&rsquo;enseignement et la p\u00e9dagogie. C&rsquo;est la particularit\u00e9 premi\u00e8re et unique de l&rsquo;association &#8230; <a title=\"CRI-IUT\" class=\"read-more\" href=\"https:\/\/werle.pro\/index.php\/cri-iut\/\" aria-label=\"Read more about CRI-IUT\">Lire la suite<\/a><\/p>\n","protected":false},"author":1,"featured_media":0,"parent":0,"menu_order":0,"comment_status":"closed","ping_status":"closed","template":"","meta":{"jetpack_post_was_ever_published":false,"footnotes":""},"jetpack_sharing_enabled":true,"jetpack_shortlink":"https:\/\/wp.me\/P7ALXt-3a","jetpack-related-posts":[],"_links":{"self":[{"href":"https:\/\/werle.pro\/index.php\/wp-json\/wp\/v2\/pages\/196"}],"collection":[{"href":"https:\/\/werle.pro\/index.php\/wp-json\/wp\/v2\/pages"}],"about":[{"href":"https:\/\/werle.pro\/index.php\/wp-json\/wp\/v2\/types\/page"}],"author":[{"embeddable":true,"href":"https:\/\/werle.pro\/index.php\/wp-json\/wp\/v2\/users\/1"}],"replies":[{"embeddable":true,"href":"https:\/\/werle.pro\/index.php\/wp-json\/wp\/v2\/comments?post=196"}],"version-history":[{"count":6,"href":"https:\/\/werle.pro\/index.php\/wp-json\/wp\/v2\/pages\/196\/revisions"}],"predecessor-version":[{"id":1578,"href":"https:\/\/werle.pro\/index.php\/wp-json\/wp\/v2\/pages\/196\/revisions\/1578"}],"wp:attachment":[{"href":"https:\/\/werle.pro\/index.php\/wp-json\/wp\/v2\/media?parent=196"}],"curies":[{"name":"wp","href":"https:\/\/api.w.org\/{rel}","templated":true}]}}